{"id":46,"date":"2024-10-13T22:01:47","date_gmt":"2024-10-13T20:01:47","guid":{"rendered":"https:\/\/huber.aero\/?page_id=46"},"modified":"2024-10-27T22:03:28","modified_gmt":"2024-10-27T21:03:28","slug":"datenschutzerklaerung-2","status":"publish","type":"page","link":"https:\/\/huber.aero\/?page_id=46","title":{"rendered":"Datenschutzerkl\u00e4rung"},"content":{"rendered":"\n<p>Impressum \/ Legal Notice \/ Imprint:<\/p>\n\n\n\n<p><strong>Impressum<\/strong><\/p>\n\n\n\n<p>Angaben gem. \u00a7 5 TMG:<\/p>\n\n\n\n<p>Stefan Huber<\/p>\n\n\n\n<p>Kapellenfeldstrasse 15a<\/p>\n\n\n\n<p>81549 Muenchen (Germany)<\/p>\n\n\n\n<p>Kontaktaufnahme:<\/p>\n\n\n\n<p>Telefon: +49 (0) 89 60665824<\/p>\n\n\n\n<p>E-Mail: webmaster@huber.aero<\/p>\n\n\n\n<p><strong>Umsatzsteuer-ID<\/strong><\/p>\n\n\n\n<p>Umsatzsteuer-Identifikationsnummer gem. \u00a7 27 a Umsatzsteuergesetz:<\/p>\n\n\n\n<p>DE XXX XXX XXX<\/p>\n\n\n\n<p><strong>Haftungsausschluss \u2013 Disclaimer:<\/strong><\/p>\n\n\n\n<p>Haftung f\u00fcr Inhalte<\/p>\n\n\n\n<p>Alle Inhalte unseres Internetauftritts wurden mit gr\u00f6\u00dfter Sorgfalt und nach bestem Gewissen erstellt. F\u00fcr die Richtigkeit, Vollst\u00e4ndigkeit und Aktualit\u00e4t der Inhalte k\u00f6nnen wir jedoch keine Gew\u00e4hr \u00fcbernehmen. Als Diensteanbieter sind wir gem\u00e4\u00df \u00a7 7 Abs.1 TMG f\u00fcr eigene Inhalte auf diesen Seiten nach den allgemeinen Gesetzen verantwortlich. Nach \u00a7\u00a7 8 bis 10 TMG sind wir als Diensteanbieter jedoch nicht verpflichtet, \u00fcbermittelte oder gespeicherte fremde Informationen zu \u00fcberwachen oder nach Umst\u00e4nden zu forschen, die auf eine rechtswidrige T\u00e4tigkeit hinweisen. Verpflichtungen zur Entfernung oder Sperrung der Nutzung von Informationen nach den allgemeinen Gesetzen bleiben hiervon unber\u00fchrt.<\/p>\n\n\n\n<p>Eine diesbez\u00fcgliche Haftung ist jedoch erst ab dem Zeitpunkt der Kenntniserlangung einer konkreten Rechtsverletzung m\u00f6glich. Bei Bekanntwerden von den o.g. Rechtsverletzungen werden wir diese Inhalte unverz\u00fcglich entfernen.<\/p>\n\n\n\n<p>Haftungsbeschr\u00e4nkung f\u00fcr externe Links<\/p>\n\n\n\n<p>Unsere Webseite enth\u00e4lt Links auf externe Webseiten Dritter. Auf die Inhalte dieser direkt oder indirekt verlinkten Webseiten haben wir keinen Einfluss. Daher k\u00f6nnen wir f\u00fcr die \u201eexternen Links\u201c auch keine Gew\u00e4hr auf Richtigkeit der Inhalte \u00fcbernehmen. F\u00fcr die Inhalte der externen Links sind die jeweiligen Anbieter oder Betreiber (Urheber) der Seiten verantwortlich.<\/p>\n\n\n\n<p>Die externen Links wurden zum Zeitpunkt der Linksetzung auf eventuelle Rechtsverst\u00f6\u00dfe \u00fcberpr\u00fcft und waren im Zeitpunkt der Linksetzung frei von rechtswidrigen Inhalten. Eine st\u00e4ndige inhaltliche \u00dcberpr\u00fcfung der externen Links ist ohne konkrete Anhaltspunkte einer Rechtsverletzung nicht m\u00f6glich. Bei direkten oder indirekten Verlinkungen auf die Webseiten Dritter, die au\u00dferhalb unseres Verantwortungsbereichs liegen, w\u00fcrde eine Haftungsverpflichtung ausschlie\u00dflich in dem Fall nur bestehen, wenn wir von den Inhalten Kenntnis erlangen und es uns technisch m\u00f6glich und zumutbar w\u00e4re, die Nutzung im Falle rechtswidriger Inhalte zu verhindern.<\/p>\n\n\n\n<p>Diese Haftungsausschlusserkl\u00e4rung gilt auch innerhalb des eigenen www.huber.aero gesetzten Links und Verweise von Fragestellern, Blogeintr\u00e4gen, G\u00e4sten des Diskussionsforums. F\u00fcr illegale, fehlerhafte oder unvollst\u00e4ndige Inhalte und insbesondere f\u00fcr Sch\u00e4den, die aus der Nutzung oder Nichtnutzung solcherart dargestellten Informationen entstehen, haftet allein der Diensteanbieter der Seite, auf welche verwiesen wurde, nicht derjenige, der \u00fcber Links auf die jeweilige Ver\u00f6ffentlichung lediglich verweist.<\/p>\n\n\n\n<p>Werden uns Rechtsverletzungen bekannt, werden die externen Links durch uns unverz\u00fcglich entfernt.<\/p>\n\n\n\n<p>Urheberrecht<\/p>\n\n\n\n<p>Die auf unserer Webseite ver\u00f6ffentlichen Inhalte und Werke unterliegen dem deutschen Urheberrecht (<a href=\"http:\/\/www.gesetze-im-internet.de\/bundesrecht\/urhg\/gesamt.pdf\" target=\"_blank\" rel=\"noreferrer noopener\">http:\/\/www.gesetze-im-internet.de\/bundesrecht\/urhg\/gesamt.pdf<\/a>) . Die Vervielf\u00e4ltigung, Bearbeitung, Verbreitung und jede Art der Verwertung des geistigen Eigentums in ideeller und materieller Sicht des Urhebers au\u00dferhalb der Grenzen des Urheberrechtes bed\u00fcrfen der vorherigen schriftlichen Zustimmung des jeweiligen Urhebers i.S.d. Urhebergesetzes (<a href=\"http:\/\/www.gesetze-im-internet.de\/bundesrecht\/urhg\/gesamt.pdf\" target=\"_blank\" rel=\"noreferrer noopener\">http:\/\/www.gesetze-im-internet.de\/bundesrecht\/urhg\/gesamt.pdf<\/a>&nbsp;). Downloads und Kopien dieser Seite sind nur f\u00fcr den privaten und nicht kommerziellen Gebrauch erlaubt. Sind die Inhalte auf unserer Webseite nicht von uns erstellt wurden, sind die Urheberrechte Dritter zu beachten. Die Inhalte Dritter werden als solche kenntlich gemacht. Sollten Sie trotzdem auf eine Urheberrechtsverletzung aufmerksam werden, bitten wir um einen entsprechenden Hinweis. Bei Bekanntwerden von Rechtsverletzungen werden wir derartige Inhalte unverz\u00fcglich entfernen.<\/p>\n\n\n\n<p><\/p>\n\n\n\n<p><\/p>\n\n\n\n<p><\/p>\n\n\n\n<p><strong>Legal Notice<\/strong><\/p>\n\n\n\n<p>AVISEC, Kapellenfeldstrasse 15a, 81549 Muenchen (Germany), <\/p>\n\n\n\n<p>Phone: +49 (0) 89 60665824, <\/p>\n\n\n\n<p>webmaster@huber.aero<\/p>\n\n\n\n<p>Represented by: Stefan Huber<\/p>\n\n\n\n<p>Responsible for Content: Stefan Huber<\/p>\n\n\n\n<p>VAT ID: DE<\/p>\n\n\n\n<p>Regulatory Authority: Muenchen (Germany)<\/p>\n\n\n\n<p>Online Dispute Resolution: <a href=\"https:\/\/ec.europa.eu\/consumers\/odr\">ec.europa.eu\/consumers\/odr<\/a><\/p>\n\n\n\n<p>This Legal Notice complies with the German laws under \u00a7 5 DDG (formerly TMG) and \u00a7 55 RStV.<\/p>\n\n\n\n<p>Liability for Content<\/p>\n\n\n\n<p>The contents of our website have been created with the greatest possible care. However, we cannot guarantee the contents&#8217; accuracy, completeness, or topicality. According to Section 7, paragraph 1 of the DDG (formerly TMG) (Telemediengesetz &#8211; German Telemedia Act), we as service providers are liable for our content on these pages by general laws. However, according to Sections 8 to 10 of the DDG (formerly TMG), we service providers are not obliged to monitor external information transmitted or stored or investigate circumstances pointing to illegal activity. Obligations to remove or block the use of information under general laws remain unaffected. However, a liability in this regard is only possible from the moment of knowledge of a specific infringement. Upon notification of such violations, we will remove the content immediately.<\/p>\n\n\n\n<p>Liability for Links<\/p>\n\n\n\n<p>Our website contains links to external websites, over whose contents we have no control. Therefore, we cannot accept any liability for these external contents. The respective provider or operator of the websites is always responsible for the contents of the linked pages. The linked pages were checked for possible legal violations at the time of linking. Illegal contents were not identified at the time of linking. However, permanent monitoring of the contents of the linked pages is not reasonable without specific indications of a violation. Upon notification of violations, we will remove such links immediately.<\/p>\n\n\n\n<p>Copyright<\/p>\n\n\n\n<p>The contents and works on these pages created by the site operator are subject to German copyright law. The duplication, processing, distribution, and any kind of utilization outside the limits of copyright require the written consent of the respective author or creator. Downloads and copies of these pages are only permitted for private, non-commercial use. In so far as the contents on this site were not created by the operator, the copyrights of third parties are respected. In particular, third-party content is marked as such. Should you become aware of a copyright infringement, please inform us accordingly. Upon notification of violations, we will remove such contents immediately.<\/p>\n\n\n\n<p>Last Updated: Oct. 27th 2024<\/p>\n","protected":false},"excerpt":{"rendered":"<p>Impressum \/ Legal Notice \/ Imprint: Impressum Angaben gem. \u00a7 5 TMG: Stefan Huber Kapellenfeldstrasse 15a 81549 Muenchen (Germany) Kontaktaufnahme: Telefon: +49 (0) 89 60665824 E-Mail: webmaster@huber.aero Umsatzsteuer-ID Umsatzsteuer-Identifikationsnummer gem. \u00a7 27 a Umsatzsteuergesetz: DE XXX XXX XXX Haftungsausschluss \u2013 Disclaimer: Haftung f\u00fcr Inhalte Alle Inhalte unseres Internetauftritts wurden mit gr\u00f6\u00dfter Sorgfalt und nach bestem [&hellip;]<\/p>\n","protected":false},"author":1,"featured_media":0,"parent":0,"menu_order":0,"comment_status":"closed","ping_status":"closed","template":"","meta":{"footnotes":""},"class_list":["post-46","page","type-page","status-publish","hentry"],"_links":{"self":[{"href":"https:\/\/huber.aero\/index.php?rest_route=\/wp\/v2\/pages\/46","targetHints":{"allow":["GET"]}}],"collection":[{"href":"https:\/\/huber.aero\/index.php?rest_route=\/wp\/v2\/pages"}],"about":[{"href":"https:\/\/huber.aero\/index.php?rest_route=\/wp\/v2\/types\/page"}],"author":[{"embeddable":true,"href":"https:\/\/huber.aero\/index.php?rest_route=\/wp\/v2\/users\/1"}],"replies":[{"embeddable":true,"href":"https:\/\/huber.aero\/index.php?rest_route=%2Fwp%2Fv2%2Fcomments&post=46"}],"version-history":[{"count":2,"href":"https:\/\/huber.aero\/index.php?rest_route=\/wp\/v2\/pages\/46\/revisions"}],"predecessor-version":[{"id":80,"href":"https:\/\/huber.aero\/index.php?rest_route=\/wp\/v2\/pages\/46\/revisions\/80"}],"wp:attachment":[{"href":"https:\/\/huber.aero\/index.php?rest_route=%2Fwp%2Fv2%2Fmedia&parent=46"}],"curies":[{"name":"wp","href":"https:\/\/api.w.org\/{rel}","templated":true}]}}